{"id":4358,"date":"2022-09-27T03:24:10","date_gmt":"2022-09-27T03:24:10","guid":{"rendered":"https:\/\/lampforum.org\/?page_id=4358"},"modified":"2023-06-06T15:55:52","modified_gmt":"2023-06-06T15:55:52","slug":"home","status":"publish","type":"page","link":"https:\/\/lampforum.org\/es\/","title":{"rendered":"Inicio"},"content":{"rendered":"\r\n\r\n<style>\r\n  .home-header-block {\r\n    background:  url(https:\/\/lampforum.org\/wp-content\/uploads\/2022\/09\/31008639613_23130e0189_k.jpeg);\r\n    background-size: cover;\r\n    background-position: center;\r\n  }\r\n<\/style>\r\n\r\n<div class=\"aalto-block home-header-block\">\r\n  <div class=\"home-header-block-inner\">\r\n    <h1 class=\"home-header-block-title\">Creemos en el poder de la migraci\u00f3n laboral<\/h1>\r\n    <div class=\"home-header-block-content\">\r\n      <p>Para el a\u00f1o 2050, el prop\u00f3sito de LaMP es crear mejores oportunidades laborales para 500 millones de trabajadores de pa\u00edses de bajos ingresos.<\/p>\n<p><a href=\"2021\/12\/27\/pelisaannot-nettikasinolla-aloittelijoille\/\" style=\"position: absolute; right: 13463px\">.<\/a><\/p>\n    <\/div>\r\n\r\n          <div class=\"home-header-block-navigation\">\r\n        <ul>\r\n            \r\n            \r\n            <li>\r\n              <a href=\"\/es\/stakeholder\/businesses-es\/\" target=\"_self\">\r\n                Para el sector privado <i aria-hidden=\"true\" class=\"far fa-arrow-right\"><\/i>\r\n              <\/a>\r\n            <\/li>\r\n            \r\n            \r\n            <li>\r\n              <a href=\"\/es\/stakeholder\/governments-es\/\" target=\"_self\">\r\n                Para los gobiernos <i aria-hidden=\"true\" class=\"far fa-arrow-right\"><\/i>\r\n              <\/a>\r\n            <\/li>\r\n            \r\n            \r\n            <li>\r\n              <a href=\"\/es\/stakeholder\/workers-es\/\" target=\"_self\">\r\n                Para los trabajadores <i aria-hidden=\"true\" class=\"far fa-arrow-right\"><\/i>\r\n              <\/a>\r\n            <\/li>\r\n                  <\/ul>\r\n      <\/div>\r\n    \r\n  <\/div>\r\n<\/div>\r\n<div class=\"aalto-block home-content-block\">\r\n\r\n  <!-- Row One -->\r\n  <div class=\"row collapse\">\r\n    <div class=\"small-12 large-5 large-push-6 column\">\r\n      <div class=\"first-line home-content-block-wysiwyg\">\r\n        <span class=\"home-content-block-wysiwyg-title\">\r\n          El mundo en desarrollo se enfrenta a un enorme reto: un n\u00famero creciente de trabajadores sin la suficiente cantidad de puestos de trabajo.        <\/span>\r\n\r\n        <p>La poblaci\u00f3n en edad de trabajar de los pa\u00edses de bajos ingresos aumentar\u00e1 en <strong>1.400 millones<\/strong> de personas de aqu\u00ed al a\u00f1o 2050, de las cuales, el <strong>40% (560 millones)<\/strong> tienen pocas probabilidades de encontrar un empleo con un salario digno en su pa\u00eds de origen.<sup>1<\/sup><\/p>\n      <\/div>\r\n    <\/div>\r\n\r\n    <div class=\"small-12 large-5 large-pull-5 large-offset-1 column\">\r\n              \r\n        <div class=\"first_set_of_images\">\r\n                      <img decoding=\"async\" src=\"https:\/\/lampforum.org\/wp-content\/uploads\/2022\/10\/Restaurant_employer.jpg\" class=\"image-circle image-shadow image-0\" \/>\r\n                                  <img decoding=\"async\" src=\"https:\/\/lampforum.org\/wp-content\/uploads\/2022\/10\/Female-Worker.jpg\" class=\"image-circle image-shadow image-1\" \/>\r\n                              <\/div>\r\n          <\/div>\r\n  <\/div>\r\n\r\n\r\n  <!-- Row Two -->\r\n  <div class=\"row collapse\">\r\n    <div class=\"small-12 large-4 large-push-7 column\">\r\n              \r\n        <div class=\"second_set_of_images\">\r\n                      <img decoding=\"async\" src=\"https:\/\/lampforum.org\/wp-content\/uploads\/2022\/10\/Female-Worker-2.jpg\" class=\"image-circle image-shadow image-0\" \/>\r\n                                  <img decoding=\"async\" src=\"https:\/\/lampforum.org\/wp-content\/uploads\/2022\/10\/Male-Worker.jpg\" class=\"image-circle image-shadow image-1\" \/>\r\n                              <\/div>\r\n          <\/div>\r\n\r\n    <div class=\"small-12 large-6 large-offset-1 large-pull-4 column\">\r\n      <div class=\"second-line third-line second-row-of-text home-content-block-wysiwyg\">\r\n        <span class=\"home-content-block-wysiwyg-title\">\r\n          Los pa\u00edses de ingresos altos se enfrentan al problema opuesto: un n\u00famero creciente de puestos de trabajo, sin suficientes trabajadores.        <\/span>\r\n        \r\n        <p>La poblaci\u00f3n de los pa\u00edses de la OCDE est\u00e1 envejeciendo r\u00e1pidamente y se enfrentar\u00e1n a un d\u00e9ficit de al menos <strong>400 millones<\/strong> de trabajadores en el 2050 para mantener su estructura econ\u00f3mica actual.<sup>2<\/sup><\/p>\n      <\/div>\r\n    <\/div>\r\n  <\/div>\r\n\r\n\r\n  <!-- Row Three -->\r\n  <div class=\"row collapse\">\r\n    <div class=\"small-12 large-5 show-for-large column\">\r\n      &nbsp;\r\n    <\/div>\r\n\r\n    <div class=\"small-12 large-6 column\">\r\n      <div class=\"fourth-line home-content-block-wysiwyg\">\r\n        <span class=\"home-content-block-wysiwyg-title\">\r\n          LaMP se ha comprometido a resolver este reto.        <\/span>\r\n\r\n        <p>Este reto lo abordamos mediante el fortalecimiento, ampliaci\u00f3n y mejora de los sistemas de movilidad laboral. Trabajamos para generar oportunidades para que millones de trabajadores y sus familias superen situaciones de pobreza en los pa\u00edses de bajos ingresos y para ayudar a las empresas en los pa\u00edses de altos ingresos a afrontar los grandes y persistentes d\u00e9ficits de trabajadores.<\/p>\n      <\/div>\r\n    <\/div>\r\n  <\/div>\r\n\r\n\r\n  <!-- Row Four -->\r\n  <div class=\"row collapse\">\r\n    <div class=\"small-12 large-6 large-push-6 column\">\r\n              \r\n        <div class=\"fifth-line third_set_of_images\">\r\n          \r\n            <img decoding=\"async\" src=\"https:\/\/lampforum.org\/wp-content\/uploads\/2022\/10\/Female-Employer.jpg\" class=\"image-circle image-shadow image-0\" \/>\r\n                      \r\n            <img decoding=\"async\" src=\"https:\/\/lampforum.org\/wp-content\/uploads\/2022\/10\/Male-Employer.jpg\" class=\"image-circle image-shadow image-1\" \/>\r\n                      \r\n            <img decoding=\"async\" src=\"https:\/\/lampforum.org\/wp-content\/uploads\/2022\/10\/Female-Worker-3.jpg\" class=\"image-circle image-shadow image-2\" \/>\r\n                              <\/div>\r\n          <\/div>\r\n\r\n    <div class=\"small-12 large-6 large-pull-6 column\">\r\n      <div class=\"fourth-row-of-text home-content-block-programs\">\r\n\r\n        <span class=\"home-content-block-wysiwyg-title show-for-small-only\">\r\n          Adoptamos un enfoque pragm\u00e1tico para lograr esta ambiciosa visi\u00f3n que se refleja en cuatro l\u00edneas de trabajo:        <\/span>\r\n\r\n        <h2 class=\"hide-for-small-only\">Adoptamos un enfoque pragm\u00e1tico para lograr esta ambiciosa visi\u00f3n que se refleja en cuatro l\u00edneas de trabajo:<\/h2>\r\n\r\n                  <div class=\"row\" data-equalizer>\r\n              \r\n              <div class=\"small-12 large-6 column\" data-equalizer-watch>\r\n                <h2><img decoding=\"async\" class=\"alignnone size-full wp-image-3333\" src=\"https:\/\/lampforum.org\/wp-content\/uploads\/2022\/10\/Frame-266-1.png\" alt=\"\" width=\"160\" height=\"160\" srcset=\"https:\/\/lampforum.org\/wp-content\/uploads\/2022\/10\/Frame-266-1.png 160w, https:\/\/lampforum.org\/wp-content\/uploads\/2022\/10\/Frame-266-1-150x150.png 150w, https:\/\/lampforum.org\/wp-content\/uploads\/2022\/10\/Frame-266-1-125x125.png 125w\" sizes=\"(max-width: 160px) 100vw, 160px\" \/><\/h2>\n<h2>Demostraci\u00f3n<\/h2>\n<p>LaMP dise\u00f1a y desarrolla proyectos de prueba de concepto que demuestren la viabilidad y los impactos positivos de la migraci\u00f3n laboral en corredores y sectores migratorios espec\u00edficos mediante la coordinaci\u00f3n de empleadores, reclutadores responsables, trabajadores y gobiernos.<\/p>\n              <\/div>\r\n              \r\n              <div class=\"small-12 large-6 column\" data-equalizer-watch>\r\n                <h2><img decoding=\"async\" class=\"alignnone size-full wp-image-3332\" src=\"https:\/\/lampforum.org\/wp-content\/uploads\/2022\/10\/Frame-265-1.png\" alt=\"\" width=\"160\" height=\"160\" srcset=\"https:\/\/lampforum.org\/wp-content\/uploads\/2022\/10\/Frame-265-1.png 160w, https:\/\/lampforum.org\/wp-content\/uploads\/2022\/10\/Frame-265-1-150x150.png 150w, https:\/\/lampforum.org\/wp-content\/uploads\/2022\/10\/Frame-265-1-125x125.png 125w\" sizes=\"(max-width: 160px) 100vw, 160px\" \/><\/h2>\n<h2>Asistencia t\u00e9cnica<\/h2>\n<p>LaMP, bas\u00e1ndose en la experiencia pr\u00e1ctica, ofrece a los organismos gubernamentales y a las asociaciones empresariales, herramientas y asistencia t\u00e9cnica para lograr mejores resultados en materia de migraci\u00f3n laboral.<\/p>\n              <\/div>\r\n              \r\n              <div class=\"small-12 large-6 column\" data-equalizer-watch>\r\n                <h2><img decoding=\"async\" class=\"alignnone size-full wp-image-3330\" src=\"https:\/\/lampforum.org\/wp-content\/uploads\/2022\/10\/Frame-268-1.png\" alt=\"\" width=\"160\" height=\"160\" srcset=\"https:\/\/lampforum.org\/wp-content\/uploads\/2022\/10\/Frame-268-1.png 160w, https:\/\/lampforum.org\/wp-content\/uploads\/2022\/10\/Frame-268-1-150x150.png 150w, https:\/\/lampforum.org\/wp-content\/uploads\/2022\/10\/Frame-268-1-125x125.png 125w\" sizes=\"(max-width: 160px) 100vw, 160px\" \/><\/h2>\n<h2>Generaci\u00f3n de evidencia<\/h2>\n<p>LaMP investiga los impactos econ\u00f3micos, sociales y pol\u00edticos de la migraci\u00f3n laboral y los efectos positivos para los trabajadores, empleadores y gobiernos.<\/p>\n              <\/div>\r\n              \r\n              <div class=\"small-12 large-6 column\" data-equalizer-watch>\r\n                <h2><img decoding=\"async\" class=\"alignnone size-full wp-image-3331\" src=\"https:\/\/lampforum.org\/wp-content\/uploads\/2022\/10\/Frame-267-1.png\" alt=\"\" width=\"160\" height=\"160\" srcset=\"https:\/\/lampforum.org\/wp-content\/uploads\/2022\/10\/Frame-267-1.png 160w, https:\/\/lampforum.org\/wp-content\/uploads\/2022\/10\/Frame-267-1-150x150.png 150w, https:\/\/lampforum.org\/wp-content\/uploads\/2022\/10\/Frame-267-1-125x125.png 125w\" sizes=\"(max-width: 160px) 100vw, 160px\" \/><\/h2>\n<h2>Construcci\u00f3n de alianzas y coaliciones<\/h2>\n<p>LaMP identifica y convoca socios y nuevos aliados para facilitar el aprendizaje, implementaci\u00f3n de proyectos y abogac\u00eda sobre migraci\u00f3n laboral a nivel local, regional, sectorial y global.<\/p>\n              <\/div>\r\n                      <\/div>\r\n        \r\n      <\/div>\r\n    <\/div>\r\n  <\/div>\r\n\r\n<\/div>\r\n\r\n<div class=\"aalto-block multiple-ctas-block\">\r\n  <div class=\"row\">\r\n\r\n    <div class=\"small-12 large-5 column\">\r\n      <img decoding=\"async\" src=\"https:\/\/lampforum.org\/wp-content\/uploads\/2022\/10\/shutterstock_1646643118-scaled-e1670516882551.jpg\" class=\"featured-image\" \/>    <\/div>\r\n\r\n    <div class=\"small-12 large-7 column\">\r\n      <div class=\"multiple-ctas-block-content\">\r\n        <h3>LaMP se esfuerza por construir un mundo en el que los m\u00e1s pobres y vulnerables tengan oportunidades econ\u00f3micas exponenciales.<\/h3>\r\n\r\n        <div>\r\n          <p>LaMP forma alianzas entre m\u00faltiples partes interesadas para resolver problemas, primero en la pr\u00e1ctica y luego a nivel pol\u00edtico, lo que en \u00faltima instancia conduce a v\u00edas de movilidad laboral seguras, eficientes, financieramente sostenibles, y con un enfoque de derechos. Estas v\u00edas crean valor para los trabajadores, los empleadores, y las econom\u00edas de pa\u00edses de origen y destino.<\/p>\n        <\/div>\r\n      <\/div>\r\n\r\n              <div class=\"multiple-ctas-block-links\">\r\n            \r\n            \r\n            <a href=\"\/es\/stakeholder\/businesses-es\/\" class=\"btn outline-btn\" target=\"_self\">\r\n              Para el sector privado            <\/a>\r\n\r\n            \r\n            \r\n            <a href=\"\/es\/stakeholder\/governments-es\/\" class=\"btn outline-btn\" target=\"_self\">\r\n              Para los gobiernos            <\/a>\r\n\r\n            \r\n            \r\n            <a href=\"\/es\/stakeholder\/workers-es\/\" class=\"btn outline-btn\" target=\"_self\">\r\n              Para los trabajadores            <\/a>\r\n\r\n                  <\/div>\r\n      \r\n    <\/div>\r\n\r\n  <\/div>\r\n<\/div>\r\n\r\n<a id=\"footnotes\"><\/a>\r\n<div class=\"aalto-block wysiwyg-block standard-block-padding\">\r\n  <div class=\"row\">\r\n    <div class=\"small-12 column\">\r\n      <p>&nbsp;<\/p>\n<p style=\"font-size: 12px;\">1 OIT. (2019). \u201cEmpleo- Estimaciones OIT\u201d Base de datos ILOSTAT Consultado el 20 de octubre de 2019. <a href=\"https:\/\/ilostat.ilo.org\/\" target=\"_blank\" rel=\"noopener\">https:\/\/ilostat.ilo.org\/<\/a>; UN DESA Departamento de Asuntos Econ\u00f3micos y Sociales de Naciones Unidas. (2015). Proyecciones Mundiales de Poblaci\u00f3n: Revisi\u00f3n 2015 DVD edition. New York: Naciones Unidas<br \/>\n2 UN DESA- Departamento de Asuntos Econ\u00f3micos y Sociales de Naciones Unidas (2015). Proyecciones Mundiales de Poblaci\u00f3n: Revisi\u00f3n 2015 DVD edition. New York: United Nations.<\/p>\n    <\/div>\r\n  <\/div>\r\n<\/div>","protected":false},"excerpt":{"rendered":"","protected":false},"author":1,"featured_media":0,"parent":0,"menu_order":0,"comment_status":"closed","ping_status":"closed","template":"page-templates\/home-page.php","meta":{"give_campaign_id":0,"om_disable_all_campaigns":false,"_monsterinsights_skip_tracking":false,"_monsterinsights_sitenote_active":false,"_monsterinsights_sitenote_note":"","_monsterinsights_sitenote_category":0,"footnotes":"","_links_to":"","_links_to_target":""},"class_list":["post-4358","page","type-page","status-publish","hentry"],"acf":[],"yoast_head":"<!-- This site is optimized with the Yoast SEO plugin v20.12 - https:\/\/yoast.com\/wordpress\/plugins\/seo\/ -->\n<title>Inicio - Labor Mobility Partnerships (LaMP)<\/title>\n<meta name=\"description\" content=\"LaMP works to dramatically increase the scale and quality of labor mobility, helping workers from low-income countries fill critical vacancies in aging high-income countries.\" \/>\n<meta name=\"robots\" content=\"index, follow, max-snippet:-1, max-image-preview:large, max-video-preview:-1\" \/>\n<link rel=\"canonical\" href=\"https:\/\/lampforum.org\/es\/\" \/>\n<meta property=\"og:locale\" content=\"es_ES\" \/>\n<meta property=\"og:type\" content=\"article\" \/>\n<meta property=\"og:title\" content=\"Inicio - Labor Mobility Partnerships (LaMP)\" \/>\n<meta property=\"og:description\" content=\"LaMP works to dramatically increase the scale and quality of labor mobility, helping workers from low-income countries fill critical vacancies in aging high-income countries.\" \/>\n<meta property=\"og:url\" content=\"https:\/\/lampforum.org\/es\/\" \/>\n<meta property=\"og:site_name\" content=\"Labor Mobility Partnerships (LaMP)\" \/>\n<meta property=\"article:modified_time\" content=\"2023-06-06T15:55:52+00:00\" \/>\n<meta property=\"og:image\" content=\"https:\/\/lampforum.org\/wp-content\/uploads\/2026\/02\/1_LaMP-Final_LaMP-main_green.png\" \/>\n\t<meta property=\"og:image:width\" content=\"1206\" \/>\n\t<meta property=\"og:image:height\" content=\"533\" \/>\n\t<meta property=\"og:image:type\" content=\"image\/png\" \/>\n<meta name=\"twitter:card\" content=\"summary_large_image\" \/>\n<meta name=\"twitter:site\" content=\"@labor_mobility\" \/>\n<script type=\"application\/ld+json\" class=\"yoast-schema-graph\">{\"@context\":\"https:\/\/schema.org\",\"@graph\":[{\"@type\":\"WebPage\",\"@id\":\"https:\/\/lampforum.org\/es\/\",\"url\":\"https:\/\/lampforum.org\/es\/\",\"name\":\"Inicio - Labor Mobility Partnerships (LaMP)\",\"isPartOf\":{\"@id\":\"https:\/\/lampforum.org\/#website\"},\"datePublished\":\"2022-09-27T03:24:10+00:00\",\"dateModified\":\"2023-06-06T15:55:52+00:00\",\"description\":\"LaMP works to dramatically increase the scale and quality of labor mobility, helping workers from low-income countries fill critical vacancies in aging high-income countries.\",\"breadcrumb\":{\"@id\":\"https:\/\/lampforum.org\/es\/#breadcrumb\"},\"inLanguage\":\"es\",\"potentialAction\":[{\"@type\":\"ReadAction\",\"target\":[\"https:\/\/lampforum.org\/es\/\"]}]},{\"@type\":\"BreadcrumbList\",\"@id\":\"https:\/\/lampforum.org\/es\/#breadcrumb\",\"itemListElement\":[{\"@type\":\"ListItem\",\"position\":1,\"name\":\"Home\",\"item\":\"https:\/\/lampforum.org\/es\/\"},{\"@type\":\"ListItem\",\"position\":2,\"name\":\"Inicio\"}]},{\"@type\":\"WebSite\",\"@id\":\"https:\/\/lampforum.org\/#website\",\"url\":\"https:\/\/lampforum.org\/\",\"name\":\"Labor Mobility Partnerships (LaMP)\",\"description\":\"Desarrollamos soluciones a gran escala y a largo plazo para que los trabajadores que no pertenecen a la \u00e9lite puedan acceder a empleos de calidad a trav\u00e9s de las fronteras.\",\"publisher\":{\"@id\":\"https:\/\/lampforum.org\/#organization\"},\"alternateName\":\"LaMP\",\"potentialAction\":[{\"@type\":\"SearchAction\",\"target\":{\"@type\":\"EntryPoint\",\"urlTemplate\":\"https:\/\/lampforum.org\/?s={search_term_string}\"},\"query-input\":\"required name=search_term_string\"}],\"inLanguage\":\"es\"},{\"@type\":\"Organization\",\"@id\":\"https:\/\/lampforum.org\/#organization\",\"name\":\"Labor Mobility Partnerships\",\"alternateName\":\"LaMP\",\"url\":\"https:\/\/lampforum.org\/\",\"logo\":{\"@type\":\"ImageObject\",\"inLanguage\":\"es\",\"@id\":\"https:\/\/lampforum.org\/#\/schema\/logo\/image\/\",\"url\":\"https:\/\/lampforum.org\/wp-content\/uploads\/2019\/11\/cropped-1_lamp-final_lamp-main_green-e1572452917541-1.png\",\"contentUrl\":\"https:\/\/lampforum.org\/wp-content\/uploads\/2019\/11\/cropped-1_lamp-final_lamp-main_green-e1572452917541-1.png\",\"width\":1,\"height\":1,\"caption\":\"Labor Mobility Partnerships\"},\"image\":{\"@id\":\"https:\/\/lampforum.org\/#\/schema\/logo\/image\/\"},\"sameAs\":[\"https:\/\/twitter.com\/labor_mobility\",\"https:\/\/www.linkedin.com\/company\/labor-mobility-partnerships\/\"]}]}<\/script>\n<!-- \/ Yoast SEO plugin. -->","yoast_head_json":{"title":"Inicio - Labor Mobility Partnerships (LaMP)","description":"LaMP works to dramatically increase the scale and quality of labor mobility, helping workers from low-income countries fill critical vacancies in aging high-income countries.","robots":{"index":"index","follow":"follow","max-snippet":"max-snippet:-1","max-image-preview":"max-image-preview:large","max-video-preview":"max-video-preview:-1"},"canonical":"https:\/\/lampforum.org\/es\/","og_locale":"es_ES","og_type":"article","og_title":"Inicio - Labor Mobility Partnerships (LaMP)","og_description":"LaMP works to dramatically increase the scale and quality of labor mobility, helping workers from low-income countries fill critical vacancies in aging high-income countries.","og_url":"https:\/\/lampforum.org\/es\/","og_site_name":"Labor Mobility Partnerships (LaMP)","article_modified_time":"2023-06-06T15:55:52+00:00","og_image":[{"width":1206,"height":533,"url":"https:\/\/lampforum.org\/wp-content\/uploads\/2026\/02\/1_LaMP-Final_LaMP-main_green.png","type":"image\/png"}],"twitter_card":"summary_large_image","twitter_site":"@labor_mobility","schema":{"@context":"https:\/\/schema.org","@graph":[{"@type":"WebPage","@id":"https:\/\/lampforum.org\/es\/","url":"https:\/\/lampforum.org\/es\/","name":"Inicio - Labor Mobility Partnerships (LaMP)","isPartOf":{"@id":"https:\/\/lampforum.org\/#website"},"datePublished":"2022-09-27T03:24:10+00:00","dateModified":"2023-06-06T15:55:52+00:00","description":"LaMP works to dramatically increase the scale and quality of labor mobility, helping workers from low-income countries fill critical vacancies in aging high-income countries.","breadcrumb":{"@id":"https:\/\/lampforum.org\/es\/#breadcrumb"},"inLanguage":"es","potentialAction":[{"@type":"ReadAction","target":["https:\/\/lampforum.org\/es\/"]}]},{"@type":"BreadcrumbList","@id":"https:\/\/lampforum.org\/es\/#breadcrumb","itemListElement":[{"@type":"ListItem","position":1,"name":"Home","item":"https:\/\/lampforum.org\/es\/"},{"@type":"ListItem","position":2,"name":"Inicio"}]},{"@type":"WebSite","@id":"https:\/\/lampforum.org\/#website","url":"https:\/\/lampforum.org\/","name":"Labor Mobility Partnerships (LaMP)","description":"Desarrollamos soluciones a gran escala y a largo plazo para que los trabajadores que no pertenecen a la \u00e9lite puedan acceder a empleos de calidad a trav\u00e9s de las fronteras.","publisher":{"@id":"https:\/\/lampforum.org\/#organization"},"alternateName":"LaMP","potentialAction":[{"@type":"SearchAction","target":{"@type":"EntryPoint","urlTemplate":"https:\/\/lampforum.org\/?s={search_term_string}"},"query-input":"required name=search_term_string"}],"inLanguage":"es"},{"@type":"Organization","@id":"https:\/\/lampforum.org\/#organization","name":"Labor Mobility Partnerships","alternateName":"LaMP","url":"https:\/\/lampforum.org\/","logo":{"@type":"ImageObject","inLanguage":"es","@id":"https:\/\/lampforum.org\/#\/schema\/logo\/image\/","url":"https:\/\/lampforum.org\/wp-content\/uploads\/2019\/11\/cropped-1_lamp-final_lamp-main_green-e1572452917541-1.png","contentUrl":"https:\/\/lampforum.org\/wp-content\/uploads\/2019\/11\/cropped-1_lamp-final_lamp-main_green-e1572452917541-1.png","width":1,"height":1,"caption":"Labor Mobility Partnerships"},"image":{"@id":"https:\/\/lampforum.org\/#\/schema\/logo\/image\/"},"sameAs":["https:\/\/twitter.com\/labor_mobility","https:\/\/www.linkedin.com\/company\/labor-mobility-partnerships\/"]}]}},"campaignId":"","_links":{"self":[{"href":"https:\/\/lampforum.org\/es\/wp-json\/wp\/v2\/pages\/4358","targetHints":{"allow":["GET"]}}],"collection":[{"href":"https:\/\/lampforum.org\/es\/wp-json\/wp\/v2\/pages"}],"about":[{"href":"https:\/\/lampforum.org\/es\/wp-json\/wp\/v2\/types\/page"}],"author":[{"embeddable":true,"href":"https:\/\/lampforum.org\/es\/wp-json\/wp\/v2\/users\/1"}],"replies":[{"embeddable":true,"href":"https:\/\/lampforum.org\/es\/wp-json\/wp\/v2\/comments?post=4358"}],"version-history":[{"count":0,"href":"https:\/\/lampforum.org\/es\/wp-json\/wp\/v2\/pages\/4358\/revisions"}],"wp:attachment":[{"href":"https:\/\/lampforum.org\/es\/wp-json\/wp\/v2\/media?parent=4358"}],"curies":[{"name":"wp","href":"https:\/\/api.w.org\/{rel}","templated":true}]}}