{"id":4342,"date":"2022-09-28T16:54:17","date_gmt":"2022-09-28T16:54:17","guid":{"rendered":"https:\/\/lampforum.org\/?page_id=4342"},"modified":"2023-06-06T15:55:18","modified_gmt":"2023-06-06T15:55:18","slug":"statement-of-support","status":"publish","type":"page","link":"https:\/\/lampforum.org\/es\/statement-of-support\/","title":{"rendered":"Declaraci\u00f3n de apoyo"},"content":{"rendered":"\r\n<div class=\"aalto-block wysiwyg-block standard-block-padding\">\r\n  <div class=\"row\">\r\n    <div class=\"small-12 column\">\r\n      <h2>Guidance on Fair Recruitment Practices for Temporary Migrant Workers (Departamento de Seguridad Nacional de EE.UU.)<\/h2>\n<p>Labor Mobility Partnerships (LaMP) aplaude las orientaciones de la administraci\u00f3n Biden sobre pr\u00e1cticas de contrataci\u00f3n justas para los trabajadores temporales que llegan a Estados Unidos. En LaMP creemos que cuando los programas de visados para trabajadores temporeros H-2 funcionan bien, pueden ayudar a los empresarios estadounidenses a cubrir la persistente escasez de mano de obra y ofrecer a los trabajadores inmigrantes y a sus comunidades oportunidades laborales que les cambian la vida. Nos hacemos eco de la insistencia de la Administraci\u00f3n en la importancia de crear un entorno de contrataci\u00f3n responsable para ampliar con \u00e9xito el acceso a los programas de visados H-2. Estas orientaciones constituyen un paso importante en la configuraci\u00f3n de un entorno que fomente las pr\u00e1cticas responsables en el mercado y promueva as\u00ed la protecci\u00f3n de los derechos y la dignidad de los inmigrantes.<\/p>\n<p>Las orientaciones esbozan un proceso claro para una infraestructura de contrataci\u00f3n justa, la protecci\u00f3n de los derechos fundamentales de los trabajadores y la garant\u00eda de transparencia y acceso a v\u00edas de recurso para trabajadores y solicitantes de empleo. Y lo que es m\u00e1s importante, traduce los principios internacionales en indicadores y recomendaciones tangibles de inter\u00e9s para gobiernos, empresas de contrataci\u00f3n, minoristas y otros agentes de la cadena de suministro. Destaca y promueve las mejores pr\u00e1cticas:<\/p>\n<ul>\n<li>Proceso de contrataci\u00f3n claro y transparente, y cumplimiento de este por parte de los gobiernos<\/li>\n<li>El dise\u00f1o de sistemas y medidas que autoricen o certifiquen a los reclutadores leg\u00edtimos<\/li>\n<li>La adopci\u00f3n de medidas adecuadas contra la contrataci\u00f3n abusiva y fraudulenta<\/li>\n<li>Inspecciones de trabajo formadas y dotadas de recursos para supervisar a todos los reclutadores de mano de obra<\/li>\n<\/ul>\n<p>Para complementar este importante paso en la direcci\u00f3n correcta, LaMP recomienda acciones concretas para hacer m\u00e1s operativas estas directrices con los reclutadores y proveedores. Por ejemplo, un mecanismo sencillo que verifique las pr\u00e1cticas responsables en la &#8220;primera milla&#8221; (etapas iniciales) de la contrataci\u00f3n de mano de obra aportar\u00eda transparencia y supervisi\u00f3n a una de las etapas menos reguladas del proceso de contrataci\u00f3n. Impedir las malas pr\u00e1cticas en la &#8220;primera milla&#8221; (como solicitar dinero a cambio de contratos de trabajo) puede ayudar a garantizar que tanto los trabajadores como los empleadores tengan una experiencia H-2 segura y satisfactoria. En pocas palabras, un s\u00f3lido ecosistema de contrataci\u00f3n responsable es necesario para el buen funcionamiento del programa H-2, y un programa H-2 que funcione bien mantiene los alimentos en las mesas estadounidenses, ayuda a nuestros agricultores a prosperar y ofrece oportunidades de empleo a los trabajadores migrantes que pueden aportar enormes beneficios a sus familias y comunidades.<\/p>\n<p>LaMP se complace en apoyar este documento de orientaci\u00f3n y contin\u00faa colaborando con la administraci\u00f3n y las partes interesadas de la industria en soluciones concretas que ayuden a los gobiernos, empleadores y reclutadores a traducir a\u00fan m\u00e1s estos conceptos a la pr\u00e1ctica.<\/p>\n    <\/div>\r\n  <\/div>\r\n<\/div>","protected":false},"excerpt":{"rendered":"","protected":false},"author":1,"featured_media":0,"parent":0,"menu_order":0,"comment_status":"closed","ping_status":"closed","template":"","meta":{"give_campaign_id":0,"om_disable_all_campaigns":false,"_monsterinsights_skip_tracking":false,"_monsterinsights_sitenote_active":false,"_monsterinsights_sitenote_note":"","_monsterinsights_sitenote_category":0,"footnotes":"","_links_to":"","_links_to_target":""},"class_list":["post-4342","page","type-page","status-publish","hentry"],"acf":[],"yoast_head":"<!-- This site is optimized with the Yoast SEO plugin v20.12 - https:\/\/yoast.com\/wordpress\/plugins\/seo\/ -->\n<title>Declaraci\u00f3n de apoyo - Labor Mobility Partnerships (LaMP)<\/title>\n<meta name=\"description\" content=\"LaMP works to dramatically increase the scale and quality of labor mobility, helping workers from low-income countries fill critical vacancies in aging high-income countries.\" \/>\n<meta name=\"robots\" content=\"index, follow, max-snippet:-1, max-image-preview:large, max-video-preview:-1\" \/>\n<link rel=\"canonical\" href=\"https:\/\/lampforum.org\/es\/statement-of-support\/\" \/>\n<meta property=\"og:locale\" content=\"es_ES\" \/>\n<meta property=\"og:type\" content=\"article\" \/>\n<meta property=\"og:title\" content=\"Declaraci\u00f3n de apoyo - Labor Mobility Partnerships (LaMP)\" \/>\n<meta property=\"og:description\" content=\"LaMP works to dramatically increase the scale and quality of labor mobility, helping workers from low-income countries fill critical vacancies in aging high-income countries.\" \/>\n<meta property=\"og:url\" content=\"https:\/\/lampforum.org\/es\/statement-of-support\/\" \/>\n<meta property=\"og:site_name\" content=\"Labor Mobility Partnerships (LaMP)\" \/>\n<meta property=\"article:modified_time\" content=\"2023-06-06T15:55:18+00:00\" \/>\n<meta property=\"og:image\" content=\"https:\/\/lampforum.org\/wp-content\/uploads\/2026\/02\/1_LaMP-Final_LaMP-main_green.png\" \/>\n\t<meta property=\"og:image:width\" content=\"1206\" \/>\n\t<meta property=\"og:image:height\" content=\"533\" \/>\n\t<meta property=\"og:image:type\" content=\"image\/png\" \/>\n<meta name=\"twitter:card\" content=\"summary_large_image\" \/>\n<meta name=\"twitter:site\" content=\"@labor_mobility\" \/>\n<script type=\"application\/ld+json\" class=\"yoast-schema-graph\">{\"@context\":\"https:\/\/schema.org\",\"@graph\":[{\"@type\":\"WebPage\",\"@id\":\"https:\/\/lampforum.org\/es\/statement-of-support\/\",\"url\":\"https:\/\/lampforum.org\/es\/statement-of-support\/\",\"name\":\"Declaraci\u00f3n de apoyo - Labor Mobility Partnerships (LaMP)\",\"isPartOf\":{\"@id\":\"https:\/\/lampforum.org\/#website\"},\"datePublished\":\"2022-09-28T16:54:17+00:00\",\"dateModified\":\"2023-06-06T15:55:18+00:00\",\"description\":\"LaMP works to dramatically increase the scale and quality of labor mobility, helping workers from low-income countries fill critical vacancies in aging high-income countries.\",\"breadcrumb\":{\"@id\":\"https:\/\/lampforum.org\/es\/statement-of-support\/#breadcrumb\"},\"inLanguage\":\"es\",\"potentialAction\":[{\"@type\":\"ReadAction\",\"target\":[\"https:\/\/lampforum.org\/es\/statement-of-support\/\"]}]},{\"@type\":\"BreadcrumbList\",\"@id\":\"https:\/\/lampforum.org\/es\/statement-of-support\/#breadcrumb\",\"itemListElement\":[{\"@type\":\"ListItem\",\"position\":1,\"name\":\"Home\",\"item\":\"https:\/\/lampforum.org\/es\/\"},{\"@type\":\"ListItem\",\"position\":2,\"name\":\"Declaraci\u00f3n de apoyo\"}]},{\"@type\":\"WebSite\",\"@id\":\"https:\/\/lampforum.org\/#website\",\"url\":\"https:\/\/lampforum.org\/\",\"name\":\"Labor Mobility Partnerships (LaMP)\",\"description\":\"Desarrollamos soluciones a gran escala y a largo plazo para que los trabajadores que no pertenecen a la \u00e9lite puedan acceder a empleos de calidad a trav\u00e9s de las fronteras.\",\"publisher\":{\"@id\":\"https:\/\/lampforum.org\/#organization\"},\"alternateName\":\"LaMP\",\"potentialAction\":[{\"@type\":\"SearchAction\",\"target\":{\"@type\":\"EntryPoint\",\"urlTemplate\":\"https:\/\/lampforum.org\/?s={search_term_string}\"},\"query-input\":\"required name=search_term_string\"}],\"inLanguage\":\"es\"},{\"@type\":\"Organization\",\"@id\":\"https:\/\/lampforum.org\/#organization\",\"name\":\"Labor Mobility Partnerships\",\"alternateName\":\"LaMP\",\"url\":\"https:\/\/lampforum.org\/\",\"logo\":{\"@type\":\"ImageObject\",\"inLanguage\":\"es\",\"@id\":\"https:\/\/lampforum.org\/#\/schema\/logo\/image\/\",\"url\":\"https:\/\/lampforum.org\/wp-content\/uploads\/2019\/11\/cropped-1_lamp-final_lamp-main_green-e1572452917541-1.png\",\"contentUrl\":\"https:\/\/lampforum.org\/wp-content\/uploads\/2019\/11\/cropped-1_lamp-final_lamp-main_green-e1572452917541-1.png\",\"width\":1,\"height\":1,\"caption\":\"Labor Mobility Partnerships\"},\"image\":{\"@id\":\"https:\/\/lampforum.org\/#\/schema\/logo\/image\/\"},\"sameAs\":[\"https:\/\/twitter.com\/labor_mobility\",\"https:\/\/www.linkedin.com\/company\/labor-mobility-partnerships\/\"]}]}<\/script>\n<!-- \/ Yoast SEO plugin. -->","yoast_head_json":{"title":"Declaraci\u00f3n de apoyo - Labor Mobility Partnerships (LaMP)","description":"LaMP works to dramatically increase the scale and quality of labor mobility, helping workers from low-income countries fill critical vacancies in aging high-income countries.","robots":{"index":"index","follow":"follow","max-snippet":"max-snippet:-1","max-image-preview":"max-image-preview:large","max-video-preview":"max-video-preview:-1"},"canonical":"https:\/\/lampforum.org\/es\/statement-of-support\/","og_locale":"es_ES","og_type":"article","og_title":"Declaraci\u00f3n de apoyo - Labor Mobility Partnerships (LaMP)","og_description":"LaMP works to dramatically increase the scale and quality of labor mobility, helping workers from low-income countries fill critical vacancies in aging high-income countries.","og_url":"https:\/\/lampforum.org\/es\/statement-of-support\/","og_site_name":"Labor Mobility Partnerships (LaMP)","article_modified_time":"2023-06-06T15:55:18+00:00","og_image":[{"width":1206,"height":533,"url":"https:\/\/lampforum.org\/wp-content\/uploads\/2026\/02\/1_LaMP-Final_LaMP-main_green.png","type":"image\/png"}],"twitter_card":"summary_large_image","twitter_site":"@labor_mobility","schema":{"@context":"https:\/\/schema.org","@graph":[{"@type":"WebPage","@id":"https:\/\/lampforum.org\/es\/statement-of-support\/","url":"https:\/\/lampforum.org\/es\/statement-of-support\/","name":"Declaraci\u00f3n de apoyo - Labor Mobility Partnerships (LaMP)","isPartOf":{"@id":"https:\/\/lampforum.org\/#website"},"datePublished":"2022-09-28T16:54:17+00:00","dateModified":"2023-06-06T15:55:18+00:00","description":"LaMP works to dramatically increase the scale and quality of labor mobility, helping workers from low-income countries fill critical vacancies in aging high-income countries.","breadcrumb":{"@id":"https:\/\/lampforum.org\/es\/statement-of-support\/#breadcrumb"},"inLanguage":"es","potentialAction":[{"@type":"ReadAction","target":["https:\/\/lampforum.org\/es\/statement-of-support\/"]}]},{"@type":"BreadcrumbList","@id":"https:\/\/lampforum.org\/es\/statement-of-support\/#breadcrumb","itemListElement":[{"@type":"ListItem","position":1,"name":"Home","item":"https:\/\/lampforum.org\/es\/"},{"@type":"ListItem","position":2,"name":"Declaraci\u00f3n de apoyo"}]},{"@type":"WebSite","@id":"https:\/\/lampforum.org\/#website","url":"https:\/\/lampforum.org\/","name":"Labor Mobility Partnerships (LaMP)","description":"Desarrollamos soluciones a gran escala y a largo plazo para que los trabajadores que no pertenecen a la \u00e9lite puedan acceder a empleos de calidad a trav\u00e9s de las fronteras.","publisher":{"@id":"https:\/\/lampforum.org\/#organization"},"alternateName":"LaMP","potentialAction":[{"@type":"SearchAction","target":{"@type":"EntryPoint","urlTemplate":"https:\/\/lampforum.org\/?s={search_term_string}"},"query-input":"required name=search_term_string"}],"inLanguage":"es"},{"@type":"Organization","@id":"https:\/\/lampforum.org\/#organization","name":"Labor Mobility Partnerships","alternateName":"LaMP","url":"https:\/\/lampforum.org\/","logo":{"@type":"ImageObject","inLanguage":"es","@id":"https:\/\/lampforum.org\/#\/schema\/logo\/image\/","url":"https:\/\/lampforum.org\/wp-content\/uploads\/2019\/11\/cropped-1_lamp-final_lamp-main_green-e1572452917541-1.png","contentUrl":"https:\/\/lampforum.org\/wp-content\/uploads\/2019\/11\/cropped-1_lamp-final_lamp-main_green-e1572452917541-1.png","width":1,"height":1,"caption":"Labor Mobility Partnerships"},"image":{"@id":"https:\/\/lampforum.org\/#\/schema\/logo\/image\/"},"sameAs":["https:\/\/twitter.com\/labor_mobility","https:\/\/www.linkedin.com\/company\/labor-mobility-partnerships\/"]}]}},"campaignId":"","_links":{"self":[{"href":"https:\/\/lampforum.org\/es\/wp-json\/wp\/v2\/pages\/4342","targetHints":{"allow":["GET"]}}],"collection":[{"href":"https:\/\/lampforum.org\/es\/wp-json\/wp\/v2\/pages"}],"about":[{"href":"https:\/\/lampforum.org\/es\/wp-json\/wp\/v2\/types\/page"}],"author":[{"embeddable":true,"href":"https:\/\/lampforum.org\/es\/wp-json\/wp\/v2\/users\/1"}],"replies":[{"embeddable":true,"href":"https:\/\/lampforum.org\/es\/wp-json\/wp\/v2\/comments?post=4342"}],"version-history":[{"count":0,"href":"https:\/\/lampforum.org\/es\/wp-json\/wp\/v2\/pages\/4342\/revisions"}],"wp:attachment":[{"href":"https:\/\/lampforum.org\/es\/wp-json\/wp\/v2\/media?parent=4342"}],"curies":[{"name":"wp","href":"https:\/\/api.w.org\/{rel}","templated":true}]}}